{"id":76743,"date":"2024-01-12T09:22:42","date_gmt":"2024-01-12T08:22:42","guid":{"rendered":"https:\/\/ritaristorante.it\/?page_id=76743"},"modified":"2024-01-17T11:29:16","modified_gmt":"2024-01-17T10:29:16","slug":"dichiarazione-sulla-privacy-ue","status":"publish","type":"page","link":"https:\/\/ritaristorante.it\/?page_id=76743","title":{"rendered":"Dichiarazione sulla Privacy (UE)"},"content":{"rendered":"\t\t<div data-elementor-type=\"wp-page\" data-elementor-id=\"76743\" class=\"elementor elementor-76743\">\n\t\t\t\t\t\t<section data-parallax-section-settings=\"{&quot;parallax_ratio&quot;:0.5,&quot;parallax&quot;:&quot;parallax&quot;}\" data-scroll-to-down-settings=\"{&quot;scroll_to_down&quot;:&quot;yes&quot;,&quot;scroll_style_types&quot;:&quot;scroll-down-type-1&quot;,&quot;scroll_target_id&quot;:&quot;#about&quot;,&quot;scroll_text_separator&quot;:&quot;yes&quot;,&quot;scroll_text&quot;:&quot;Scroll&quot;,&quot;scroll_custom_image&quot;:&quot;&quot;,&quot;scroll_icon&quot;:&quot;&lt;i aria-hidden=\\&quot;true\\&quot; class=\\&quot;ti ti-mouse\\&quot;&gt;&lt;\\\/i&gt;&quot;}\" class=\"elementor-section elementor-top-section elementor-element elementor-element-c0429d6 elementor-section-full_width elementor-section-height-full elementor-section-stretched elementor-hidden-mobile elementor-section-items-stretch elementor-section-content-middle elementor-section-height-default\" data-id=\"c0429d6\" data-element_type=\"section\" data-settings=\"{&quot;background_background&quot;:&quot;classic&quot;,&quot;stretch_section&quot;:&quot;section-stretched&quot;}\">\n\t\t\t\t\t\t\t<div class=\"elementor-background-overlay\"><\/div>\n\t\t\t\t\t\t\t<div class=\"elementor-container elementor-column-gap-no\">\n\t\t\t\t\t<div class=\"full-screen elementor-column elementor-col-100 elementor-top-column elementor-element elementor-element-3620bee\" data-fullscreen-column-settings=\"{&quot;fullscreen&quot;:&quot;yes&quot;}\" data-id=\"3620bee\" data-element_type=\"column\" data-settings=\"{&quot;background_background&quot;:&quot;classic&quot;}\">\n\t\t\t<div class=\"elementor-widget-wrap elementor-element-populated\">\n\t\t\t\t\t<div class=\"elementor-background-overlay\"><\/div>\n\t\t\t\t\t\t<section class=\"elementor-section elementor-inner-section elementor-element elementor-element-3cbd6b9 elementor-section-boxed elementor-section-height-default elementor-section-height-default\" data-id=\"3cbd6b9\" data-element_type=\"section\">\n\t\t\t\t\t\t<div class=\"elementor-container elementor-column-gap-default\">\n\t\t\t\t\t<div class=\" elementor-column elementor-col-33 elementor-inner-column elementor-element elementor-element-a6bdc15\" data-fullscreen-column-settings=\"{&quot;fullscreen&quot;:&quot;&quot;}\" data-id=\"a6bdc15\" data-element_type=\"column\">\n\t\t\t<div class=\"elementor-widget-wrap\">\n\t\t\t\t\t\t\t<\/div>\n\t\t<\/div>\n\t\t\t\t<div class=\" elementor-column elementor-col-33 elementor-inner-column elementor-element elementor-element-dc2b448\" data-fullscreen-column-settings=\"{&quot;fullscreen&quot;:&quot;&quot;}\" data-id=\"dc2b448\" data-element_type=\"column\">\n\t\t\t<div class=\"elementor-widget-wrap elementor-element-populated\">\n\t\t\t\t\t\t<div class=\"elementor-element elementor-element-6894882 elementor-widget-tablet__width-initial elementor-widget-mobile__width-inherit animated-fast elementor-invisible elementor-widget elementor-widget-litho-heading\" data-id=\"6894882\" data-element_type=\"widget\" data-settings=\"{&quot;_animation&quot;:&quot;fadeInLeft&quot;}\" data-widget_type=\"litho-heading.default\">\n\t\t\t\t<div class=\"elementor-widget-container\">\n\t\t\t<h5 class=\"litho-heading elementor-size-default\"><span class=\"litho-primary-title\">PRIVACY POLICY<\/span><\/h5>\t\t<\/div>\n\t\t\t\t<\/div>\n\t\t\t\t\t<\/div>\n\t\t<\/div>\n\t\t\t\t<div class=\" elementor-column elementor-col-33 elementor-inner-column elementor-element elementor-element-05972f6\" data-fullscreen-column-settings=\"{&quot;fullscreen&quot;:&quot;&quot;}\" data-id=\"05972f6\" data-element_type=\"column\">\n\t\t\t<div class=\"elementor-widget-wrap\">\n\t\t\t\t\t\t\t<\/div>\n\t\t<\/div>\n\t\t\t\t\t<\/div>\n\t\t<\/section>\n\t\t\t\t\t<\/div>\n\t\t<\/div>\n\t\t\t\t\t<\/div>\n\t\t<\/section>\n\t\t\t\t<section class=\"elementor-section elementor-top-section elementor-element elementor-element-1276ed08 elementor-section-boxed elementor-section-height-default elementor-section-height-default\" data-id=\"1276ed08\" data-element_type=\"section\">\n\t\t\t\t\t\t<div class=\"elementor-container elementor-column-gap-default\">\n\t\t\t\t\t<div class=\" elementor-column elementor-col-100 elementor-top-column elementor-element elementor-element-649e9319\" data-fullscreen-column-settings=\"{&quot;fullscreen&quot;:&quot;&quot;}\" data-id=\"649e9319\" data-element_type=\"column\">\n\t\t\t<div class=\"elementor-widget-wrap\">\n\t\t\t\t\t\t\t<\/div>\n\t\t<\/div>\n\t\t\t\t\t<\/div>\n\t\t<\/section>\n\t\t\t\t<section class=\"elementor-section elementor-top-section elementor-element elementor-element-44b6d84 elementor-section-boxed elementor-section-height-default elementor-section-height-default\" data-id=\"44b6d84\" data-element_type=\"section\">\n\t\t\t\t\t\t<div class=\"elementor-container elementor-column-gap-default\">\n\t\t\t\t\t<div class=\" elementor-column elementor-col-100 elementor-top-column elementor-element elementor-element-ec575f2\" data-fullscreen-column-settings=\"{&quot;fullscreen&quot;:&quot;&quot;}\" data-id=\"ec575f2\" data-element_type=\"column\">\n\t\t\t<div class=\"elementor-widget-wrap elementor-element-populated\">\n\t\t\t\t\t\t<div class=\"elementor-element elementor-element-e5655cb elementor-widget elementor-widget-spacer\" data-id=\"e5655cb\" data-element_type=\"widget\" data-widget_type=\"spacer.default\">\n\t\t\t\t<div class=\"elementor-widget-container\">\n\t\t\t<style>\/*! elementor - v3.23.0 - 15-07-2024 *\/\n.elementor-column .elementor-spacer-inner{height:var(--spacer-size)}.e-con{--container-widget-width:100%}.e-con-inner>.elementor-widget-spacer,.e-con>.elementor-widget-spacer{width:var(--container-widget-width,var(--spacer-size));--align-self:var(--container-widget-align-self,initial);--flex-shrink:0}.e-con-inner>.elementor-widget-spacer>.elementor-widget-container,.e-con>.elementor-widget-spacer>.elementor-widget-container{height:100%;width:100%}.e-con-inner>.elementor-widget-spacer>.elementor-widget-container>.elementor-spacer,.e-con>.elementor-widget-spacer>.elementor-widget-container>.elementor-spacer{height:100%}.e-con-inner>.elementor-widget-spacer>.elementor-widget-container>.elementor-spacer>.elementor-spacer-inner,.e-con>.elementor-widget-spacer>.elementor-widget-container>.elementor-spacer>.elementor-spacer-inner{height:var(--container-widget-height,var(--spacer-size))}.e-con-inner>.elementor-widget-spacer.elementor-widget-empty,.e-con>.elementor-widget-spacer.elementor-widget-empty{position:relative;min-height:22px;min-width:22px}.e-con-inner>.elementor-widget-spacer.elementor-widget-empty .elementor-widget-empty-icon,.e-con>.elementor-widget-spacer.elementor-widget-empty .elementor-widget-empty-icon{position:absolute;top:0;bottom:0;left:0;right:0;margin:auto;padding:0;width:22px;height:22px}<\/style>\t\t<div class=\"elementor-spacer\">\n\t\t\t<div class=\"elementor-spacer-inner\"><\/div>\n\t\t<\/div>\n\t\t\t\t<\/div>\n\t\t\t\t<\/div>\n\t\t\t\t<div class=\"elementor-element elementor-element-2e29f4b elementor-widget elementor-widget-text-editor\" data-id=\"2e29f4b\" data-element_type=\"widget\" data-widget_type=\"text-editor.default\">\n\t\t\t\t<div class=\"elementor-widget-container\">\n\t\t\t<style>\/*! elementor - v3.23.0 - 15-07-2024 *\/\n.elementor-widget-text-editor.elementor-drop-cap-view-stacked .elementor-drop-cap{background-color:#69727d;color:#fff}.elementor-widget-text-editor.elementor-drop-cap-view-framed .elementor-drop-cap{color:#69727d;border:3px solid;background-color:transparent}.elementor-widget-text-editor:not(.elementor-drop-cap-view-default) .elementor-drop-cap{margin-top:8px}.elementor-widget-text-editor:not(.elementor-drop-cap-view-default) .elementor-drop-cap-letter{width:1em;height:1em}.elementor-widget-text-editor .elementor-drop-cap{float:left;text-align:center;line-height:1;font-size:50px}.elementor-widget-text-editor .elementor-drop-cap-letter{display:inline-block}<\/style>\t\t\t\t<p><span data-contrast=\"none\">PRIVACY POLICY<\/span><span data-ccp-props=\"{&quot;201341983&quot;:0,&quot;335551550&quot;:2,&quot;335551620&quot;:2,&quot;335559739&quot;:120,&quot;335559740&quot;:276}\">\u00a0<\/span><\/p><p><span data-contrast=\"none\">Soggetti interessati: <\/span><b><span data-contrast=\"none\">utenti del sito web https:\/\/ritaristorante.it\/<\/span><\/b><span data-ccp-props=\"{&quot;201341983&quot;:0,&quot;335551550&quot;:6,&quot;335551620&quot;:6,&quot;335559739&quot;:120,&quot;335559740&quot;:276}\">\u00a0<\/span><\/p><p><span data-contrast=\"none\">Titolare del trattamento: CIRFOOD s.c.,<\/span><span data-contrast=\"none\"> con sede a Reggio Emilia, Via Nobel n. 19, Cod. Fisc. e P. IVA\u00a0 00464110352<\/span><span data-ccp-props=\"{&quot;201341983&quot;:0,&quot;335551550&quot;:6,&quot;335551620&quot;:6,&quot;335559739&quot;:120,&quot;335559740&quot;:276}\">\u00a0<\/span><\/p><p><span data-contrast=\"none\">CIRFOOD s.c., in qualit\u00e0 di Titolare del trattamento dei suoi dati personali ai sensi e per gli effetti del Reg.to EU 2016\/679, del Codice privacy novellato dal D. Lgs 101\/18 e dei provvedimenti e linee guida delle autorit\u00e0 Garanti di Controllo, con la presente La informa che la citata normativa prevede la tutela delle persone rispetto al trattamento dei dati personali e che tale trattamento sar\u00e0 improntato ai principi di correttezza, liceit\u00e0 e trasparenza e di tutela della Sua riservatezza e dei Suoi diritti. Le informazioni ed i dati personali da Lei forniti od altrimenti acquisiti nell\u2019ambito della navigazione sul sito<\/span><b><span data-contrast=\"none\"> https:\/\/ritaristorante.it\/ <\/span><\/b><span data-contrast=\"none\">saranno trattati in accordo alle disposizioni legislative della normativa sopra richiamata e degli obblighi di riservatezza ivi previsti.<\/span><span data-ccp-props=\"{&quot;201341983&quot;:0,&quot;335551550&quot;:6,&quot;335551620&quot;:6,&quot;335559739&quot;:120,&quot;335559740&quot;:276}\">\u00a0<\/span><\/p><p><span data-contrast=\"none\">CIRFOOD ha provveduto alla nomina del DPO, nella persona dell\u2019avv. Silvia Stefanelli, con studio in Bologna, via Azzo Gardino 8\/a \u2013 tel: 051\/520315<\/span><span data-ccp-props=\"{&quot;201341983&quot;:0,&quot;335551550&quot;:6,&quot;335551620&quot;:6,&quot;335559739&quot;:120,&quot;335559740&quot;:276}\">\u00a0<\/span><\/p><p><span data-contrast=\"none\">TIPOLOGIA DI DATI TRATTATI<\/span><span data-ccp-props=\"{&quot;201341983&quot;:0,&quot;335551550&quot;:6,&quot;335551620&quot;:6,&quot;335559739&quot;:120,&quot;335559740&quot;:276}\">\u00a0<\/span><\/p><p><b><span data-contrast=\"none\">Dati richiesti nei form<\/span><\/b><span data-ccp-props=\"{&quot;201341983&quot;:0,&quot;335551550&quot;:6,&quot;335551620&quot;:6,&quot;335559739&quot;:120,&quot;335559740&quot;:276}\">\u00a0<\/span><\/p><p><b><span data-contrast=\"none\">Dati di navigazione<\/span><\/b><span data-ccp-props=\"{&quot;201341983&quot;:0,&quot;335551550&quot;:6,&quot;335551620&quot;:6,&quot;335559739&quot;:120,&quot;335559740&quot;:276}\">\u00a0<\/span><\/p><p><span data-contrast=\"none\">I sistemi informatici e le procedure software preposte al funzionamento del sito acquisiscono, nel corso del loro normale esercizio, alcuni dati personali la cui trasmissione \u00e8 implicita nell\u2019uso dei protocolli di comunicazione di internet.<\/span><span data-ccp-props=\"{&quot;201341983&quot;:0,&quot;335551550&quot;:6,&quot;335551620&quot;:6,&quot;335559739&quot;:120,&quot;335559740&quot;:276}\">\u00a0<\/span><\/p><p><span data-contrast=\"none\">Si tratta di informazioni che non sono raccolte per essere associate a soggetti interessati identificati, ma che per la loro stessa natura, potrebbero, attraverso elaborazioni ed associazioni con dati detenuti da terzi, permettere di identificare gli utenti. In questa categoria rientrano gli indirizzi IP, o i nomi di dominio utilizzati dagli utenti che si connettono al sito, gli indirizzi in notazione URI (Uniform Resource Identifier) delle risorse richieste, l\u2019orario della richiesta, il metodo utilizzato nel sottoporre la richiesta al server, la dimensione del file ottenuto, etc.<\/span><span data-ccp-props=\"{&quot;201341983&quot;:0,&quot;335551550&quot;:6,&quot;335551620&quot;:6,&quot;335559739&quot;:120,&quot;335559740&quot;:276}\">\u00a0<\/span><\/p><p><span data-contrast=\"none\">Questi dati vengono utilizzati al solo fine di ricavare informazioni statistiche anonime e aggregate sull\u2019uso del sito e per controllarne il corretto funzionamento, e risiedono in maniera permanente su server di terzi (hosting provider). I dati potrebbero essere utilizzati per l\u2019accertamento di responsabilit\u00e0 in caso di ipotetici reati informatici ai danni del sito.<\/span><span data-ccp-props=\"{&quot;201341983&quot;:0,&quot;335551550&quot;:6,&quot;335551620&quot;:6,&quot;335559739&quot;:120,&quot;335559740&quot;:276}\">\u00a0<\/span><\/p>\t\t\t\t\t\t<\/div>\n\t\t\t\t<\/div>\n\t\t\t\t<div class=\"elementor-element elementor-element-5c375cb elementor-widget elementor-widget-text-editor\" data-id=\"5c375cb\" data-element_type=\"widget\" data-widget_type=\"text-editor.default\">\n\t\t\t\t<div class=\"elementor-widget-container\">\n\t\t\t\t\t\t\t<p><b><span data-contrast=\"none\">Cookie<\/span><\/b><span data-ccp-props=\"{&quot;201341983&quot;:0,&quot;335551550&quot;:6,&quot;335551620&quot;:6,&quot;335559739&quot;:120,&quot;335559740&quot;:276}\">\u00a0<\/span><\/p><p><span data-contrast=\"none\">Il sito web utilizza dei cookie per aiutare gli utenti a personalizzare la propria esperienza, velocizzare la navigazione, aumentare la sicurezza, analizzare l\u2019utilizzo e l\u2019efficienza dei servizi e offrire informazioni commerciali. Gli utenti al primo accesso hanno la possibilit\u00e0 di confermare l\u2019installazione o meno dei cookie disponibili, o in alternativa visualizzare la cookie Policy, contenente tutte le modalit\u00e0 di manifestazione e negazione del consenso.<\/span><span data-ccp-props=\"{&quot;201341983&quot;:0,&quot;335551550&quot;:6,&quot;335551620&quot;:6,&quot;335559739&quot;:120,&quot;335559740&quot;:276}\">\u00a0<\/span><\/p><p><span data-contrast=\"none\">Il <\/span><b><span data-contrast=\"none\">consenso all\u2019uso dei cookies<\/span><\/b><span data-contrast=\"none\"> viene prestato all\u2019inizio della sua esperienza di navigazione attivando o lasciando disattivati con una semplice spunta i singoli cookie indesiderati (opt-in).<\/span><span data-ccp-props=\"{&quot;201341983&quot;:0,&quot;335551550&quot;:6,&quot;335551620&quot;:6,&quot;335559739&quot;:120,&quot;335559740&quot;:276}\">\u00a0<\/span><\/p><p><span data-contrast=\"none\">\u00a0Relativamente al conferimento facoltativo vengono rese maggiori informazioni relative ai cookie presenti sul sito nel documento\u202f<\/span><b><span data-contrast=\"none\">cookie<\/span><\/b><span data-contrast=\"none\">\u202f<\/span><b><span data-contrast=\"none\">policy <\/span><\/b><b><span data-contrast=\"none\">(<\/span><\/b><b><span data-contrast=\"none\">cliccare qui<\/span><\/b><b><span data-contrast=\"none\">)<\/span><\/b><span data-contrast=\"none\"> accessibile anche dall\u2019informativa breve.<\/span><span data-ccp-props=\"{&quot;201341983&quot;:0,&quot;335551550&quot;:6,&quot;335551620&quot;:6,&quot;335559739&quot;:120,&quot;335559740&quot;:276}\">\u00a0<\/span><\/p><p><span data-contrast=\"none\">FINALIT\u00c0 E MODALIT\u00c0 DEL TRATTAMENTO CUI SONO DESTINATI I DATI<\/span><span data-ccp-props=\"{&quot;201341983&quot;:0,&quot;335551550&quot;:6,&quot;335551620&quot;:6,&quot;335559739&quot;:120,&quot;335559740&quot;:276}\">\u00a0<\/span><\/p><p><span data-contrast=\"none\">I Suoi dati personali saranno trattati unicamente per consentirle la navigazione del sito.<\/span><span data-ccp-props=\"{&quot;201341983&quot;:0,&quot;335551550&quot;:6,&quot;335551620&quot;:6,&quot;335559739&quot;:120,&quot;335559740&quot;:276}\">\u00a0<\/span><\/p><p><span data-contrast=\"auto\">I dati personali sono sottoposti a trattamento elettronico.<\/span><span data-ccp-props=\"{&quot;201341983&quot;:0,&quot;335551550&quot;:6,&quot;335551620&quot;:6,&quot;335559739&quot;:120,&quot;335559740&quot;:276}\">\u00a0<\/span><\/p><p><span data-contrast=\"auto\">Il trattamento sar\u00e0 comunque improntato ai principi di correttezza, liceit\u00e0 e trasparenza e verr\u00e0 realizzato con l\u2019ausilio di strumenti e procedure che evitino il rischio di perdita, accesso non autorizzato, uso e diffusione illeciti.<\/span><span data-ccp-props=\"{&quot;201341983&quot;:0,&quot;335551550&quot;:6,&quot;335551620&quot;:6,&quot;335559739&quot;:120,&quot;335559740&quot;:276}\">\u00a0<\/span><\/p><p><span data-contrast=\"auto\">ACCESSO AI DATI<\/span><span data-ccp-props=\"{&quot;201341983&quot;:0,&quot;335551550&quot;:6,&quot;335551620&quot;:6,&quot;335559739&quot;:120,&quot;335559740&quot;:276}\">\u00a0<\/span><\/p><p><span data-contrast=\"auto\">I dati personali potranno essere accessibili, per le finalit\u00e0 indicate:<\/span><span data-ccp-props=\"{&quot;201341983&quot;:0,&quot;335551550&quot;:6,&quot;335551620&quot;:6,&quot;335559739&quot;:120,&quot;335559740&quot;:276}\">\u00a0<\/span><\/p><p><span data-contrast=\"auto\">&#8211; a dipendenti, collaboratori e amministratori del Titolare, nella loro qualit\u00e0 di soggetti autorizzati al trattamento;<\/span><span data-ccp-props=\"{&quot;201341983&quot;:0,&quot;335551550&quot;:6,&quot;335551620&quot;:6,&quot;335559739&quot;:120,&quot;335559740&quot;:276}\">\u00a0<\/span><\/p><p><span data-contrast=\"auto\">&#8211; a societ\u00e0 terze o altri soggetti che svolgono attivit\u00e0 in outsourcing per conto del Titolare, nella loro qualit\u00e0 di Responsabili del trattamento.<\/span><span data-ccp-props=\"{&quot;201341983&quot;:0,&quot;335551550&quot;:6,&quot;335551620&quot;:6,&quot;335559739&quot;:120,&quot;335559740&quot;:276}\">\u00a0<\/span><\/p><p><span data-contrast=\"none\">COMUNICAZIONE DEI DATI E TRASFERIMENTO<\/span><span data-ccp-props=\"{&quot;201341983&quot;:0,&quot;335551550&quot;:6,&quot;335551620&quot;:6,&quot;335559739&quot;:120,&quot;335559740&quot;:276}\">\u00a0<\/span><\/p><p><span data-contrast=\"none\">Senza la necessit\u00e0 di un espresso consenso &#8211; art. 6 lett. b) e c) GDPR &#8211; il Titolare potr\u00e0 comunicare i dati personali, per le finalit\u00e0 esposte a: Enti Ispettivi, Autorit\u00e0 Giudiziarie, Societ\u00e0 di Informazioni Commerciali, Societ\u00e0 per l\u2019assicurazione del credito, nonch\u00e9 a quei soggetti ai quali la comunicazione sia obbligatoria per legge. Detti soggetti tratteranno i dati nella loro qualit\u00e0 di autonomi Titolari del trattamento.<\/span><span data-ccp-props=\"{&quot;201341983&quot;:0,&quot;335551550&quot;:6,&quot;335551620&quot;:6,&quot;335559739&quot;:120,&quot;335559740&quot;:276}\">\u00a0<\/span><\/p><p><span data-contrast=\"none\">I dati personali sono conservati su server situati all\u2019interno dell\u2019Unione Europea.<\/span><span data-ccp-props=\"{&quot;201341983&quot;:0,&quot;335551550&quot;:6,&quot;335551620&quot;:6,&quot;335559739&quot;:120,&quot;335559740&quot;:276}\">\u00a0<\/span><\/p><p><span data-contrast=\"none\">DIRITTI DELL&#8217;INTERESSATO<\/span><span data-ccp-props=\"{&quot;201341983&quot;:0,&quot;335551550&quot;:6,&quot;335551620&quot;:6,&quot;335559739&quot;:120,&quot;335559740&quot;:276}\">\u00a0<\/span><\/p><p><span data-contrast=\"none\">In relazione al trattamento di dati personali Lei ha diritto:<\/span><span data-ccp-props=\"{&quot;201341983&quot;:0,&quot;335551550&quot;:6,&quot;335551620&quot;:6,&quot;335559739&quot;:120,&quot;335559740&quot;:276}\">\u00a0<\/span><\/p><p><span data-contrast=\"none\">-di essere informato su: dati e sede del Titolare del trattamento; le finalit\u00e0 e modalit\u00e0 del trattamento; dati e sede del Responsabile del trattamento;\u00a0<\/span><span data-ccp-props=\"{&quot;201341983&quot;:0,&quot;335551550&quot;:6,&quot;335551620&quot;:6,&quot;335559739&quot;:120,&quot;335559740&quot;:276}\">\u00a0<\/span><\/p><p><span data-contrast=\"none\">-di ottenere, a cura del Titolare o del Responsabile, senza ritardo:\u00a0<\/span><span data-ccp-props=\"{&quot;201341983&quot;:0,&quot;335551550&quot;:6,&quot;335551620&quot;:6,&quot;335559739&quot;:120,&quot;335559740&quot;:276}\">\u00a0<\/span><\/p><p><span data-contrast=\"none\">1) la conferma dell&#8217;esistenza di un trattamento di dati personali che lo riguardano e la comunicazione in forma intelligibile dei medesimi dati e della loro origine, nonch\u00e9 e delle finalit\u00e0 su cui si basa il trattamento;\u00a0<\/span><span data-ccp-props=\"{&quot;201341983&quot;:0,&quot;335551550&quot;:6,&quot;335551620&quot;:6,&quot;335559739&quot;:120,&quot;335559740&quot;:276}\">\u00a0<\/span><\/p><p><span data-contrast=\"none\">2) la cancellazione dei dati personali che lo riguardano, quando: i) gli stessi non sono pi\u00f9 necessari rispetto alle finalit\u00e0 per le quali sono stati raccolti, ii) i dati sono stati trattati in violazione di legge, iii) l\u2019interessato si \u00e8 opposto al trattamento e non sussiste alcun motivo legittimo prevalente per procedere al trattamento medesimo iv) il titolare \u00e8 sottoposto all\u2019obbligo legale di cancellazione dei dati personali;<\/span><span data-ccp-props=\"{&quot;201341983&quot;:0,&quot;335551550&quot;:6,&quot;335551620&quot;:6,&quot;335559739&quot;:120,&quot;335559740&quot;:276}\">\u00a0<\/span><\/p><p><span data-contrast=\"none\">3) l&#8217;aggiornamento, la rettificazione ovvero, qualora vi abbia interesse, l&#8217;integrazione dei dati;<\/span><span data-ccp-props=\"{&quot;201341983&quot;:0,&quot;335551550&quot;:6,&quot;335551620&quot;:6,&quot;335559739&quot;:120,&quot;335559740&quot;:276}\">\u00a0<\/span><\/p><p><span data-contrast=\"none\">4) l&#8217;attestazione che le operazioni di cui ai numeri 2) e 3) sono state portate a conoscenza, anche per quanto riguarda il loro contenuto, di coloro ai quali i dati sono stati comunicati o diffusi, eccettuato il caso in cui tale adempimento si riveli impossibile o comporti un impiego di mezzi manifestamente sproporzionato rispetto al diritto tutelato;<\/span><span data-ccp-props=\"{&quot;201341983&quot;:0,&quot;335551550&quot;:6,&quot;335551620&quot;:6,&quot;335559739&quot;:120,&quot;335559740&quot;:276}\">\u00a0<\/span><\/p><p><span data-contrast=\"none\">&#8211; di opporsi per motivi connessi alla sua particolare situazione, al trattamento dei dati personali che lo riguardano, ai sensi dell\u2019art. 6, paragrafo 1, lettere e) o f);<\/span><span data-ccp-props=\"{&quot;201341983&quot;:0,&quot;335551550&quot;:6,&quot;335551620&quot;:6,&quot;335559739&quot;:120,&quot;335559740&quot;:276}\">\u00a0<\/span><\/p><p><span data-contrast=\"none\">&#8211; di opporsi al trattamento di dati personali che lo riguardano, ai fini di marketing diretto;<\/span><span data-ccp-props=\"{&quot;201341983&quot;:0,&quot;335551550&quot;:6,&quot;335551620&quot;:6,&quot;335559739&quot;:120,&quot;335559740&quot;:276}\">\u00a0<\/span><\/p><p><span data-contrast=\"none\">&#8211; di proporre reclamo ad un\u2019autorit\u00e0 di controllo;<\/span><span data-ccp-props=\"{&quot;201341983&quot;:0,&quot;335551550&quot;:6,&quot;335551620&quot;:6,&quot;335559739&quot;:120,&quot;335559740&quot;:276}\">\u00a0<\/span><\/p><p><span data-contrast=\"none\">&#8211; di ricevere in un formato strutturato e leggibile da un dispositivo automatico i dati personali che lo riguardano e di trasmettere tali dati a un altro Titolare del trattamento senza impedimenti da parte del Titolare a cui li aveva originariamente forniti. Nell\u2019esercitare i propri diritti in ordine alla portabilit\u00e0 dei dati, l\u2019interessato ha il diritto di ottenere la trasmissione diretta dei dati personali da un Titolare all\u2019altro, se tecnicamente fattibile;<\/span><span data-ccp-props=\"{&quot;201341983&quot;:0,&quot;335551550&quot;:6,&quot;335551620&quot;:6,&quot;335559739&quot;:120,&quot;335559740&quot;:276}\">\u00a0<\/span><\/p><p><span data-contrast=\"none\">&#8211; di non essere sottoposto a una decisione basata unicamente sul trattamento automatizzato, compresa la profilazione, che produca effetti giuridici che lo riguardino o che possa incidere in modo analogo significativamente sulla sua persona.<\/span><span data-ccp-props=\"{&quot;201341983&quot;:0,&quot;335551550&quot;:6,&quot;335551620&quot;:6,&quot;335559739&quot;:120,&quot;335559740&quot;:276}\">\u00a0<\/span><\/p><p><span data-contrast=\"none\">Il Titolare fornisce una copia dei dati personali oggetto del trattamento; in caso di ulteriori copie richieste dall\u2019interessato, il Titolare potr\u00e0 addebitare un contributo spese basato sui costi amministrativi effettivamente sopportati.<\/span><span data-ccp-props=\"{&quot;201341983&quot;:0,&quot;335551550&quot;:6,&quot;335551620&quot;:6,&quot;335559739&quot;:120,&quot;335559740&quot;:276}\">\u00a0<\/span><\/p><p><span data-contrast=\"none\">MODALIT\u00c0<\/span><span data-contrast=\"none\"> DI ESERCIZIO DEI DIRITTI<\/span><span data-ccp-props=\"{&quot;201341983&quot;:0,&quot;335551550&quot;:6,&quot;335551620&quot;:6,&quot;335559739&quot;:120,&quot;335559740&quot;:276}\">\u00a0<\/span><\/p><p><span data-contrast=\"none\">Potr\u00e0 in qualsiasi momento esercitare i diritti di cui sopra, inviando all\u2019attenzione del Titolare del trattamento una mail all\u2019indirizzo privacy@cirfood.com.<\/span><span data-ccp-props=\"{&quot;201341983&quot;:0,&quot;335551550&quot;:6,&quot;335551620&quot;:6,&quot;335559739&quot;:120,&quot;335559740&quot;:276}\">\u00a0<\/span><\/p>\t\t\t\t\t\t<\/div>\n\t\t\t\t<\/div>\n\t\t\t\t\t<\/div>\n\t\t<\/div>\n\t\t\t\t\t<\/div>\n\t\t<\/section>\n\t\t\t\t<\/div>\n\t\t","protected":false},"excerpt":{"rendered":"<p>PRIVACY POLICY PRIVACY POLICY\u00a0 Soggetti interessati: utenti del sito web https:\/\/ritaristorante.it\/\u00a0 Titolare del trattamento: CIRFOOD s.c., con sede a Reggio Emilia, Via Nobel n. 19, Cod. Fisc. e P. IVA\u00a0 00464110352\u00a0 CIRFOOD s.c., in qualit\u00e0 di Titolare del trattamento dei suoi dati personali ai sensi e per gli effetti del Reg.to EU 2016\/679, del Codice [&hellip;]<\/p>\n","protected":false},"author":2,"featured_media":0,"parent":0,"menu_order":0,"comment_status":"closed","ping_status":"closed","template":"","meta":{"footnotes":""},"class_list":["post-76743","page","type-page","status-publish","hentry"],"_links":{"self":[{"href":"https:\/\/ritaristorante.it\/index.php?rest_route=\/wp\/v2\/pages\/76743","targetHints":{"allow":["GET"]}}],"collection":[{"href":"https:\/\/ritaristorante.it\/index.php?rest_route=\/wp\/v2\/pages"}],"about":[{"href":"https:\/\/ritaristorante.it\/index.php?rest_route=\/wp\/v2\/types\/page"}],"author":[{"embeddable":true,"href":"https:\/\/ritaristorante.it\/index.php?rest_route=\/wp\/v2\/users\/2"}],"replies":[{"embeddable":true,"href":"https:\/\/ritaristorante.it\/index.php?rest_route=%2Fwp%2Fv2%2Fcomments&post=76743"}],"version-history":[{"count":7,"href":"https:\/\/ritaristorante.it\/index.php?rest_route=\/wp\/v2\/pages\/76743\/revisions"}],"predecessor-version":[{"id":76818,"href":"https:\/\/ritaristorante.it\/index.php?rest_route=\/wp\/v2\/pages\/76743\/revisions\/76818"}],"wp:attachment":[{"href":"https:\/\/ritaristorante.it\/index.php?rest_route=%2Fwp%2Fv2%2Fmedia&parent=76743"}],"curies":[{"name":"wp","href":"https:\/\/api.w.org\/{rel}","templated":true}]}}